{"id":9,"date":"2017-03-01T16:43:06","date_gmt":"2017-03-01T15:43:06","guid":{"rendered":"http:\/\/economy.wenkenbach.com\/german\/?page_id=9"},"modified":"2017-03-23T18:26:32","modified_gmt":"2017-03-23T17:26:32","slug":"wirtschaft-politik-und-eurokrise","status":"publish","type":"page","link":"https:\/\/economy.wenkenbach.com\/german\/","title":{"rendered":"Wirtschaft, Politik und die Eurokrise"},"content":{"rendered":"<p>&nbsp;<\/p>\n<hr \/>\n<h2>Das Thema<\/h2>\n<p>Wirtschaft, Politik und die Eurokrise sind wichtige gesellschaftliche Themen geworden, sicher nach der Kreditkrise von 2008. Und sie h\u00e4ngen eng miteinander zusammen.<\/p>\n<p>Wirtschaft handelt davon, wie Menschen handeln k\u00f6nnen, um ihre Situation oder Umgebung zu verbessern. Die wirtschaftlichen Basisprinzipien sind nicht so schwierig. Es ist &#8222;gesunden Menschenverstand gebrauchen&#8220;. Fast jeder kann intuitiv verstehen, dass es viel vern\u00fcnftiger ist, erst zu sparen und dann auszugeben, als Geld zu leihen. Dass das Drucken von Geld durch Regierungen zur Finanzierung von Staatsdefiziten keine Wohlfahrt bringt, sondern sch\u00e4dlich ist f\u00fcr eine Wirtschaft. Und dass ein gro\u00dfer Staatsapparat sowie alle damit einhergehenden Interventionen in die Wirtschaft konstant eine Bremse f\u00fcr das Wohlfahrtswachstum sind.<\/p>\n<p>Doch die wirtschaftlichen Basisprinzipien sind eingeschneit unter einer Schicht gesellschaftlicher Ansichten. Diese Ansichten werden von vielen Menschen \u00fcbernommen, weil sie auf den ersten Blick attraktiv scheinen. Leider werden die negativen Folgen dieser Ansichten oft nicht \u00fcberschaut.<\/p>\n<p>Eine Gesellschaft kann ein halbes Jahrhundert lang wirtschaftliche Gesetzm\u00e4\u00dfigkeiten ignorieren. Doch dies bleibt nicht ohne Folgen. Dies wird deutlich sichtbar in der wirtschaftlichen Entwicklung verschiedener europ\u00e4ischer L\u00e4nder. Simpel gesagt zeigt sich, dass je mehr ein Land diese Gesetzm\u00e4\u00dfigkeiten ignoriert, desto mehr auch das wirtschaftliche Wachstum zur\u00fcckbleibt. Dies hatte auch die Eurokrise selbst zur Folge. Wollen Sie mehr dar\u00fcber wissen, <a href=\"https:\/\/economy.wenkenbach.com\/english\/development-of-prosperity-in-european-countries\/\" target=\"_blank\">klicken Sie dann hier<\/a>.<\/p>\n<h2>Das Buch &#8222;Wirtschaft, Politik und die EUrokrise&#8220;<strong><br \/>\n<\/strong><\/h2>\n<p>Wirtschaftliche Basisprinzipien, deren Wechselwirkung und wie sie durch die Politik beeinflusst werden, sind Themen, die den Autoren dieses Buches immer fasziniert haben. Dar\u00fcber hinaus erf\u00e4hrt er, dass es stets mehr Menschen gibt, die verstehen wollen, wie die Kreditkrise eigentlich entstanden ist, was los ist mit dem Euro oder warum die Wirtschaft vieler europ\u00e4ischer L\u00e4nder nur m\u00e4\u00dfig l\u00e4uft. Darum hat er dieses Buch geschrieben (orig. Niederl\u00e4ndisch \u201eEconomie, polietiek en de EUrocrisis\u201c). Letztlich geht es um die Frage \u201ewie Wohlfahrt entsteht und vergeht\u201c (orig. Niederl\u00e4ndisch \u201ehoe welvaart ontstaat en vergaat\u201c). In diesem Buch m\u00f6chte er Lesenden innerhalb von 150 Seiten das Basiswissen in Bezug auf diese Themen vermitteln.<\/p>\n<p>Wollen Sie mehr wissen \u00fcber das Buch und den Autoren, besuchen Sie dann bitte die <a href=\"https:\/\/economy.wenkenbach.com\/\" target=\"_blank\">niederl\u00e4ndischsprachige<\/a> oder <a href=\"https:\/\/economy.wenkenbach.com\/english\/\" target=\"_blank\">englischsprachige<\/a> Seite. Das Buch <a href=\"https:\/\/economy.wenkenbach.com\/kopen\/\" target=\"_blank\">kaufen k\u00f6nnen Sie hier<\/a> (vorl\u00e4ufig in Niederl\u00e4ndisch, \u00dcbersetzungen sind geplant).<\/p>\n<p>&nbsp;<\/p>\n<hr \/>\n<p>&nbsp;<\/p>\n","protected":false},"excerpt":{"rendered":"<p>&nbsp; Das Thema Wirtschaft, Politik und die Eurokrise sind wichtige gesellschaftliche Themen geworden, sicher nach der Kreditkrise von 2008. Und sie h\u00e4ngen eng miteinander zusammen. Wirtschaft handelt davon, wie Menschen handeln k\u00f6nnen, um ihre Situation oder Umgebung zu verbessern. Die wirtschaftlichen Basisprinzipien sind nicht so schwierig. Es ist &#8222;gesunden Menschenverstand gebrauchen&#8220;. Fast jeder kann intuitiv <a class=\"more-link\" href=\"https:\/\/economy.wenkenbach.com\/german\/\">Read More &#8230;<\/a><\/p>\n","protected":false},"author":1,"featured_media":42,"parent":0,"menu_order":0,"comment_status":"closed","ping_status":"closed","template":"","meta":{"footnotes":""},"class_list":["post-9","page","type-page","status-publish","has-post-thumbnail","hentry"],"yoast_head":"<!-- This site is optimized with the Yoast SEO plugin v27.4 - https:\/\/yoast.com\/product\/yoast-seo-wordpress\/ -->\n<title>Home - Wirtschaft, Politik und die EUrokrise<\/title>\n<meta name=\"description\" content=\"Das Buch &quot;Wirtschaft, Politik und die EUrokrise&quot;: Essentielles Wissen zu diesen Themen und deren Wechselwirkung. Kurz: Wie Wohlfahrt entsteht und vergeht.\" \/>\n<meta name=\"robots\" content=\"index, follow, max-snippet:-1, max-image-preview:large, max-video-preview:-1\" \/>\n<link rel=\"canonical\" href=\"https:\/\/economy.wenkenbach.com\/german\/\" \/>\n<meta property=\"og:locale\" content=\"de_DE\" \/>\n<meta property=\"og:type\" content=\"article\" \/>\n<meta property=\"og:title\" content=\"Home - Wirtschaft, Politik und die EUrokrise\" \/>\n<meta property=\"og:description\" content=\"Das Buch &quot;Wirtschaft, Politik und die EUrokrise&quot;: Essentielles Wissen zu diesen Themen und deren Wechselwirkung. Kurz: Wie Wohlfahrt entsteht und vergeht.\" \/>\n<meta property=\"og:url\" content=\"https:\/\/economy.wenkenbach.com\/german\/\" \/>\n<meta property=\"og:site_name\" content=\"Wirtschaft, Politik und die EUrokrise\" \/>\n<meta property=\"article:modified_time\" content=\"2017-03-23T17:26:32+00:00\" \/>\n<meta property=\"og:image\" content=\"https:\/\/economy.wenkenbach.com\/german\/wp-content\/uploads\/sites\/3\/2017\/03\/FS-Boek-DE.jpg\" \/>\n\t<meta property=\"og:image:width\" content=\"1200\" \/>\n\t<meta property=\"og:image:height\" content=\"514\" \/>\n\t<meta property=\"og:image:type\" content=\"image\/jpeg\" \/>\n<meta name=\"twitter:card\" content=\"summary_large_image\" \/>\n<script type=\"application\/ld+json\" class=\"yoast-schema-graph\">{\"@context\":\"https:\\\/\\\/schema.org\",\"@graph\":[{\"@type\":\"WebPage\",\"@id\":\"https:\\\/\\\/economy.wenkenbach.com\\\/german\\\/\",\"url\":\"https:\\\/\\\/economy.wenkenbach.com\\\/german\\\/\",\"name\":\"Home - Wirtschaft, Politik und die EUrokrise\",\"isPartOf\":{\"@id\":\"https:\\\/\\\/economy.wenkenbach.com\\\/german\\\/#website\"},\"primaryImageOfPage\":{\"@id\":\"https:\\\/\\\/economy.wenkenbach.com\\\/german\\\/#primaryimage\"},\"image\":{\"@id\":\"https:\\\/\\\/economy.wenkenbach.com\\\/german\\\/#primaryimage\"},\"thumbnailUrl\":\"https:\\\/\\\/economy.wenkenbach.com\\\/german\\\/wp-content\\\/uploads\\\/sites\\\/3\\\/2017\\\/03\\\/FS-Boek-DE.jpg\",\"datePublished\":\"2017-03-01T15:43:06+00:00\",\"dateModified\":\"2017-03-23T17:26:32+00:00\",\"description\":\"Das Buch \\\"Wirtschaft, Politik und die EUrokrise\\\": Essentielles Wissen zu diesen Themen und deren Wechselwirkung. Kurz: Wie Wohlfahrt entsteht und vergeht.\",\"breadcrumb\":{\"@id\":\"https:\\\/\\\/economy.wenkenbach.com\\\/german\\\/#breadcrumb\"},\"inLanguage\":\"de\",\"potentialAction\":[{\"@type\":\"ReadAction\",\"target\":[\"https:\\\/\\\/economy.wenkenbach.com\\\/german\\\/\"]}]},{\"@type\":\"ImageObject\",\"inLanguage\":\"de\",\"@id\":\"https:\\\/\\\/economy.wenkenbach.com\\\/german\\\/#primaryimage\",\"url\":\"https:\\\/\\\/economy.wenkenbach.com\\\/german\\\/wp-content\\\/uploads\\\/sites\\\/3\\\/2017\\\/03\\\/FS-Boek-DE.jpg\",\"contentUrl\":\"https:\\\/\\\/economy.wenkenbach.com\\\/german\\\/wp-content\\\/uploads\\\/sites\\\/3\\\/2017\\\/03\\\/FS-Boek-DE.jpg\",\"width\":1200,\"height\":514,\"caption\":\"Wirtschaft, Politik und die Eurokrise\"},{\"@type\":\"BreadcrumbList\",\"@id\":\"https:\\\/\\\/economy.wenkenbach.com\\\/german\\\/#breadcrumb\",\"itemListElement\":[{\"@type\":\"ListItem\",\"position\":1,\"name\":\"Home\",\"item\":\"https:\\\/\\\/economy.wenkenbach.com\\\/german\\\/\"},{\"@type\":\"ListItem\",\"position\":2,\"name\":\"Wirtschaft, Politik und die Eurokrise\"}]},{\"@type\":\"WebSite\",\"@id\":\"https:\\\/\\\/economy.wenkenbach.com\\\/german\\\/#website\",\"url\":\"https:\\\/\\\/economy.wenkenbach.com\\\/german\\\/\",\"name\":\"Wirtschaft, Politik und die EUrokrise\",\"description\":\"Verstehen wie Wohlfahrt entsteht und vergeht\",\"potentialAction\":[{\"@type\":\"SearchAction\",\"target\":{\"@type\":\"EntryPoint\",\"urlTemplate\":\"https:\\\/\\\/economy.wenkenbach.com\\\/german\\\/?s={search_term_string}\"},\"query-input\":{\"@type\":\"PropertyValueSpecification\",\"valueRequired\":true,\"valueName\":\"search_term_string\"}}],\"inLanguage\":\"de\"}]}<\/script>\n<!-- \/ Yoast SEO plugin. -->","yoast_head_json":{"title":"Home - Wirtschaft, Politik und die EUrokrise","description":"Das Buch \"Wirtschaft, Politik und die EUrokrise\": Essentielles Wissen zu diesen Themen und deren Wechselwirkung. Kurz: Wie Wohlfahrt entsteht und vergeht.","robots":{"index":"index","follow":"follow","max-snippet":"max-snippet:-1","max-image-preview":"max-image-preview:large","max-video-preview":"max-video-preview:-1"},"canonical":"https:\/\/economy.wenkenbach.com\/german\/","og_locale":"de_DE","og_type":"article","og_title":"Home - Wirtschaft, Politik und die EUrokrise","og_description":"Das Buch \"Wirtschaft, Politik und die EUrokrise\": Essentielles Wissen zu diesen Themen und deren Wechselwirkung. Kurz: Wie Wohlfahrt entsteht und vergeht.","og_url":"https:\/\/economy.wenkenbach.com\/german\/","og_site_name":"Wirtschaft, Politik und die EUrokrise","article_modified_time":"2017-03-23T17:26:32+00:00","og_image":[{"width":1200,"height":514,"url":"https:\/\/economy.wenkenbach.com\/german\/wp-content\/uploads\/sites\/3\/2017\/03\/FS-Boek-DE.jpg","type":"image\/jpeg"}],"twitter_card":"summary_large_image","schema":{"@context":"https:\/\/schema.org","@graph":[{"@type":"WebPage","@id":"https:\/\/economy.wenkenbach.com\/german\/","url":"https:\/\/economy.wenkenbach.com\/german\/","name":"Home - Wirtschaft, Politik und die EUrokrise","isPartOf":{"@id":"https:\/\/economy.wenkenbach.com\/german\/#website"},"primaryImageOfPage":{"@id":"https:\/\/economy.wenkenbach.com\/german\/#primaryimage"},"image":{"@id":"https:\/\/economy.wenkenbach.com\/german\/#primaryimage"},"thumbnailUrl":"https:\/\/economy.wenkenbach.com\/german\/wp-content\/uploads\/sites\/3\/2017\/03\/FS-Boek-DE.jpg","datePublished":"2017-03-01T15:43:06+00:00","dateModified":"2017-03-23T17:26:32+00:00","description":"Das Buch \"Wirtschaft, Politik und die EUrokrise\": Essentielles Wissen zu diesen Themen und deren Wechselwirkung. Kurz: Wie Wohlfahrt entsteht und vergeht.","breadcrumb":{"@id":"https:\/\/economy.wenkenbach.com\/german\/#breadcrumb"},"inLanguage":"de","potentialAction":[{"@type":"ReadAction","target":["https:\/\/economy.wenkenbach.com\/german\/"]}]},{"@type":"ImageObject","inLanguage":"de","@id":"https:\/\/economy.wenkenbach.com\/german\/#primaryimage","url":"https:\/\/economy.wenkenbach.com\/german\/wp-content\/uploads\/sites\/3\/2017\/03\/FS-Boek-DE.jpg","contentUrl":"https:\/\/economy.wenkenbach.com\/german\/wp-content\/uploads\/sites\/3\/2017\/03\/FS-Boek-DE.jpg","width":1200,"height":514,"caption":"Wirtschaft, Politik und die Eurokrise"},{"@type":"BreadcrumbList","@id":"https:\/\/economy.wenkenbach.com\/german\/#breadcrumb","itemListElement":[{"@type":"ListItem","position":1,"name":"Home","item":"https:\/\/economy.wenkenbach.com\/german\/"},{"@type":"ListItem","position":2,"name":"Wirtschaft, Politik und die Eurokrise"}]},{"@type":"WebSite","@id":"https:\/\/economy.wenkenbach.com\/german\/#website","url":"https:\/\/economy.wenkenbach.com\/german\/","name":"Wirtschaft, Politik und die EUrokrise","description":"Verstehen wie Wohlfahrt entsteht und vergeht","potentialAction":[{"@type":"SearchAction","target":{"@type":"EntryPoint","urlTemplate":"https:\/\/economy.wenkenbach.com\/german\/?s={search_term_string}"},"query-input":{"@type":"PropertyValueSpecification","valueRequired":true,"valueName":"search_term_string"}}],"inLanguage":"de"}]}},"_links":{"self":[{"href":"https:\/\/economy.wenkenbach.com\/german\/wp-json\/wp\/v2\/pages\/9","targetHints":{"allow":["GET"]}}],"collection":[{"href":"https:\/\/economy.wenkenbach.com\/german\/wp-json\/wp\/v2\/pages"}],"about":[{"href":"https:\/\/economy.wenkenbach.com\/german\/wp-json\/wp\/v2\/types\/page"}],"author":[{"embeddable":true,"href":"https:\/\/economy.wenkenbach.com\/german\/wp-json\/wp\/v2\/users\/1"}],"replies":[{"embeddable":true,"href":"https:\/\/economy.wenkenbach.com\/german\/wp-json\/wp\/v2\/comments?post=9"}],"version-history":[{"count":0,"href":"https:\/\/economy.wenkenbach.com\/german\/wp-json\/wp\/v2\/pages\/9\/revisions"}],"wp:featuredmedia":[{"embeddable":true,"href":"https:\/\/economy.wenkenbach.com\/german\/wp-json\/wp\/v2\/media\/42"}],"wp:attachment":[{"href":"https:\/\/economy.wenkenbach.com\/german\/wp-json\/wp\/v2\/media?parent=9"}],"curies":[{"name":"wp","href":"https:\/\/api.w.org\/{rel}","templated":true}]}}