{"id":2,"date":"2017-01-24T18:10:42","date_gmt":"2017-01-24T17:10:42","guid":{"rendered":"http:\/\/economy.wenkenbach.com\/french\/?page_id=2"},"modified":"2018-07-09T21:53:49","modified_gmt":"2018-07-09T19:53:49","slug":"economie-politique-et-crise-de-leuro","status":"publish","type":"page","link":"https:\/\/economy.wenkenbach.com\/french\/","title":{"rendered":"\u00c9conomie, Politique et la Crise de l\u2019EUro"},"content":{"rendered":"<p>&nbsp;<\/p>\n<hr \/>\n<h2>Le th\u00e8me<\/h2>\n<p>L&rsquo;\u00e9conomie, la politique et la crise de l\u2019euro sont devenues des th\u00e8mes importants dans la soci\u00e9t\u00e9 d\u2019aujourd\u2019hui, particuli\u00e8rement depuis la crise du cr\u00e9dit de 2008. De plus, ces th\u00e8mes sont \u00e9troitement li\u00e9s.<\/p>\n<p>L&rsquo;\u00e9conomie a pour but d\u2019expliquer comment les individus peuvent agir pour am\u00e9liorer leur situation ou leur environnement. Les principes \u00e9l\u00e9mentaires de l\u2019\u00e9conomie ne sont pas si difficiles. Il suffit d\u2019avoir du bon sens. Presque tout le monde peut comprendre de mani\u00e8re intuitive qu\u2019\u00e9conomiser avant de d\u00e9penser est une bien meilleure solution que d\u2019emprunter de l\u2019argent. Que compenser le d\u00e9ficit budg\u00e9taire des gouvernements par la creation de monnaie n\u2019apporte pas plus de prosp\u00e9rit\u00e9 mais est plut\u00f4t nocif pour l\u2019\u00e9conomie. Et qu\u2019un gouvernement intrusif et une r\u00e9glementation excessive ralentissent continuellement la croissance de l\u2019\u00e9conomie.<\/p>\n<p>Mais les principes \u00e9l\u00e9mentaires de l\u2019\u00e9conomie sont ensevelis sous une couche d\u2019id\u00e9es politiques. Ces id\u00e9es politiques sont adopt\u00e9es par de nombreux individus, parce qu\u2019\u00e0 premi\u00e8re vue, elles semblent attrayantes. Or leurs cons\u00e9quences n\u00e9gatives sur l\u2019\u00e9conomie sont rarement comprises.<\/p>\n<p>Une soci\u00e9t\u00e9 peut ignorer les lois \u00e9l\u00e9mentaires de l\u2019\u00e9conomie pendant plus de la moiti\u00e9 d\u2019un si\u00e8cle. Mais cela ne se fait pas sans cons\u00e9quences. Cela peut clairement se voir dans le d\u00e9veloppement \u00e9conomique de nombreux pays europ\u00e9ens. Pour simplifier, plus un pays ignore ces lois \u00e9conomiques, plus son d\u00e9veloppement \u00e9conomique stagne. Et c\u2019est aussi la cause de la crise de l\u2019Euro elle-m\u00eame. Si vous voulez en savoir plus \u00e0 ce sujet, <a href=\"https:\/\/economy.wenkenbach.com\/english\/development-of-prosperity-in-european-countries\/\" target=\"_blank\" rel=\"noopener\">cliquez sur ce lien<\/a>.<\/p>\n<h2>Le livre \u201cEconomie, Politique et la Crise de l\u2019EUro\u201d<\/h2>\n<p>Les principes \u00e9l\u00e9mentaires de l\u2019\u00e9conomie, leurs corr\u00e9lations, et \u00a0comment ils sont influenc\u00e9s par la politique, ont toujours fascin\u00e9 l\u2019auteur de ce livre. En outre, il a remarqu\u00e9 que de plus en plus de personnes voulaient comprendre comment la crise du cr\u00e9dit avait pu se d\u00e9velopper, ce qu\u2019il ne va pas avec l\u2019Euro ou pourquoi la croissance de plusieurs \u00e9conomies europ\u00e9ennes demeure toujours stagnante. C\u2019est pourquoi il a \u00e9crit ce livre intitul\u00e9 \u201c\u00c9conomie, Politique et la Crise de l\u2019EUro\u201d (pour le moment seulement disponible en n\u00e9erlandais), qui a pour sujet \u201cComprendre comment prosp\u00e9rit\u00e9 se d\u00e9veloppe et dispara\u00eet\u201d. Avec cet ouvrage de 150 pages, il tente d\u2019apporter au lecteur les connaissances de base dans ce domaine.<\/p>\n<p>Pour en savoir plus sur ce livre ou sur l\u2019auteur, veuillez consulter <a href=\"https:\/\/economy.wenkenbach.com\/\" target=\"_blank\" rel=\"noopener\">le site en n\u00e9erlandais<\/a> ou <a href=\"https:\/\/economy.wenkenbach.com\/english\/\" target=\"_blank\" rel=\"noopener\">le site en anglais<\/a>. Pour acheter le livre, <a href=\"https:\/\/economy.wenkenbach.com\/kopen\/\" target=\"_blank\" rel=\"noopener\">cliquez ici<\/a> (seulement disponible en n\u00e9erlandais).<\/p>\n<p>&nbsp;<\/p>\n<hr \/>\n<p>&nbsp;<\/p>\n","protected":false},"excerpt":{"rendered":"<p>&nbsp; Le th\u00e8me L&rsquo;\u00e9conomie, la politique et la crise de l\u2019euro sont devenues des th\u00e8mes importants dans la soci\u00e9t\u00e9 d\u2019aujourd\u2019hui, particuli\u00e8rement depuis la crise du cr\u00e9dit de 2008. De plus, ces th\u00e8mes sont \u00e9troitement li\u00e9s. L&rsquo;\u00e9conomie a pour but d\u2019expliquer comment les individus peuvent agir pour am\u00e9liorer leur situation ou leur environnement. Les principes \u00e9l\u00e9mentaires <a class=\"more-link\" href=\"https:\/\/economy.wenkenbach.com\/french\/\">Read More &#8230;<\/a><\/p>\n","protected":false},"author":2,"featured_media":38,"parent":0,"menu_order":0,"comment_status":"closed","ping_status":"open","template":"","meta":{"footnotes":""},"class_list":["post-2","page","type-page","status-publish","has-post-thumbnail","hentry"],"yoast_head":"<!-- This site is optimized with the Yoast SEO plugin v27.4 - https:\/\/yoast.com\/product\/yoast-seo-wordpress\/ -->\n<title>\u00c9conomie, Politique et la Crise de l\u2019EUro - Economie, Politique et la Crise de l\u2019EUro<\/title>\n<meta name=\"robots\" content=\"index, follow, max-snippet:-1, max-image-preview:large, max-video-preview:-1\" \/>\n<link rel=\"canonical\" href=\"https:\/\/economy.wenkenbach.com\/french\/\" \/>\n<meta property=\"og:locale\" content=\"fr_FR\" \/>\n<meta property=\"og:type\" content=\"article\" \/>\n<meta property=\"og:title\" content=\"\u00c9conomie, Politique et la Crise de l\u2019EUro - Economie, Politique et la Crise de l\u2019EUro\" \/>\n<meta property=\"og:description\" content=\"&nbsp; Le th\u00e8me L&rsquo;\u00e9conomie, la politique et la crise de l\u2019euro sont devenues des th\u00e8mes importants dans la soci\u00e9t\u00e9 d\u2019aujourd\u2019hui, particuli\u00e8rement depuis la crise du cr\u00e9dit de 2008. De plus, ces th\u00e8mes sont \u00e9troitement li\u00e9s. L&rsquo;\u00e9conomie a pour but d\u2019expliquer comment les individus peuvent agir pour am\u00e9liorer leur situation ou leur environnement. Les principes \u00e9l\u00e9mentaires Read More ...\" \/>\n<meta property=\"og:url\" content=\"https:\/\/economy.wenkenbach.com\/french\/\" \/>\n<meta property=\"og:site_name\" content=\"Economie, Politique et la Crise de l\u2019EUro\" \/>\n<meta property=\"article:modified_time\" content=\"2018-07-09T19:53:49+00:00\" \/>\n<meta property=\"og:image\" content=\"https:\/\/economy.wenkenbach.com\/french\/wp-content\/uploads\/sites\/6\/2018\/07\/FS-Boek-FR.jpg\" \/>\n\t<meta property=\"og:image:width\" content=\"1200\" \/>\n\t<meta property=\"og:image:height\" content=\"514\" \/>\n\t<meta property=\"og:image:type\" content=\"image\/jpeg\" \/>\n<meta name=\"twitter:card\" content=\"summary_large_image\" \/>\n<script type=\"application\/ld+json\" class=\"yoast-schema-graph\">{\"@context\":\"https:\\\/\\\/schema.org\",\"@graph\":[{\"@type\":\"WebPage\",\"@id\":\"https:\\\/\\\/economy.wenkenbach.com\\\/french\\\/\",\"url\":\"https:\\\/\\\/economy.wenkenbach.com\\\/french\\\/\",\"name\":\"\u00c9conomie, Politique et la Crise de l\u2019EUro - Economie, Politique et la Crise de l\u2019EUro\",\"isPartOf\":{\"@id\":\"https:\\\/\\\/economy.wenkenbach.com\\\/french\\\/#website\"},\"primaryImageOfPage\":{\"@id\":\"https:\\\/\\\/economy.wenkenbach.com\\\/french\\\/#primaryimage\"},\"image\":{\"@id\":\"https:\\\/\\\/economy.wenkenbach.com\\\/french\\\/#primaryimage\"},\"thumbnailUrl\":\"https:\\\/\\\/economy.wenkenbach.com\\\/french\\\/wp-content\\\/uploads\\\/sites\\\/6\\\/2018\\\/07\\\/FS-Boek-FR.jpg\",\"datePublished\":\"2017-01-24T17:10:42+00:00\",\"dateModified\":\"2018-07-09T19:53:49+00:00\",\"breadcrumb\":{\"@id\":\"https:\\\/\\\/economy.wenkenbach.com\\\/french\\\/#breadcrumb\"},\"inLanguage\":\"fr-FR\",\"potentialAction\":[{\"@type\":\"ReadAction\",\"target\":[\"https:\\\/\\\/economy.wenkenbach.com\\\/french\\\/\"]}]},{\"@type\":\"ImageObject\",\"inLanguage\":\"fr-FR\",\"@id\":\"https:\\\/\\\/economy.wenkenbach.com\\\/french\\\/#primaryimage\",\"url\":\"https:\\\/\\\/economy.wenkenbach.com\\\/french\\\/wp-content\\\/uploads\\\/sites\\\/6\\\/2018\\\/07\\\/FS-Boek-FR.jpg\",\"contentUrl\":\"https:\\\/\\\/economy.wenkenbach.com\\\/french\\\/wp-content\\\/uploads\\\/sites\\\/6\\\/2018\\\/07\\\/FS-Boek-FR.jpg\",\"width\":1200,\"height\":514,\"caption\":\"Economie, Politique et la Crise de l\u2019EUro\"},{\"@type\":\"BreadcrumbList\",\"@id\":\"https:\\\/\\\/economy.wenkenbach.com\\\/french\\\/#breadcrumb\",\"itemListElement\":[{\"@type\":\"ListItem\",\"position\":1,\"name\":\"Home\",\"item\":\"https:\\\/\\\/economy.wenkenbach.com\\\/french\\\/\"},{\"@type\":\"ListItem\",\"position\":2,\"name\":\"\u00c9conomie, Politique et la Crise de l\u2019EUro\"}]},{\"@type\":\"WebSite\",\"@id\":\"https:\\\/\\\/economy.wenkenbach.com\\\/french\\\/#website\",\"url\":\"https:\\\/\\\/economy.wenkenbach.com\\\/french\\\/\",\"name\":\"Economie, Politique et la Crise de l\u2019EUro\",\"description\":\"Comprendre comment prosp\u00e9rit\u00e9 se d\u00e9veloppe et dispara\u00eet\",\"potentialAction\":[{\"@type\":\"SearchAction\",\"target\":{\"@type\":\"EntryPoint\",\"urlTemplate\":\"https:\\\/\\\/economy.wenkenbach.com\\\/french\\\/?s={search_term_string}\"},\"query-input\":{\"@type\":\"PropertyValueSpecification\",\"valueRequired\":true,\"valueName\":\"search_term_string\"}}],\"inLanguage\":\"fr-FR\"}]}<\/script>\n<!-- \/ Yoast SEO plugin. -->","yoast_head_json":{"title":"\u00c9conomie, Politique et la Crise de l\u2019EUro - Economie, Politique et la Crise de l\u2019EUro","robots":{"index":"index","follow":"follow","max-snippet":"max-snippet:-1","max-image-preview":"max-image-preview:large","max-video-preview":"max-video-preview:-1"},"canonical":"https:\/\/economy.wenkenbach.com\/french\/","og_locale":"fr_FR","og_type":"article","og_title":"\u00c9conomie, Politique et la Crise de l\u2019EUro - Economie, Politique et la Crise de l\u2019EUro","og_description":"&nbsp; Le th\u00e8me L&rsquo;\u00e9conomie, la politique et la crise de l\u2019euro sont devenues des th\u00e8mes importants dans la soci\u00e9t\u00e9 d\u2019aujourd\u2019hui, particuli\u00e8rement depuis la crise du cr\u00e9dit de 2008. De plus, ces th\u00e8mes sont \u00e9troitement li\u00e9s. L&rsquo;\u00e9conomie a pour but d\u2019expliquer comment les individus peuvent agir pour am\u00e9liorer leur situation ou leur environnement. Les principes \u00e9l\u00e9mentaires Read More ...","og_url":"https:\/\/economy.wenkenbach.com\/french\/","og_site_name":"Economie, Politique et la Crise de l\u2019EUro","article_modified_time":"2018-07-09T19:53:49+00:00","og_image":[{"width":1200,"height":514,"url":"https:\/\/economy.wenkenbach.com\/french\/wp-content\/uploads\/sites\/6\/2018\/07\/FS-Boek-FR.jpg","type":"image\/jpeg"}],"twitter_card":"summary_large_image","schema":{"@context":"https:\/\/schema.org","@graph":[{"@type":"WebPage","@id":"https:\/\/economy.wenkenbach.com\/french\/","url":"https:\/\/economy.wenkenbach.com\/french\/","name":"\u00c9conomie, Politique et la Crise de l\u2019EUro - Economie, Politique et la Crise de l\u2019EUro","isPartOf":{"@id":"https:\/\/economy.wenkenbach.com\/french\/#website"},"primaryImageOfPage":{"@id":"https:\/\/economy.wenkenbach.com\/french\/#primaryimage"},"image":{"@id":"https:\/\/economy.wenkenbach.com\/french\/#primaryimage"},"thumbnailUrl":"https:\/\/economy.wenkenbach.com\/french\/wp-content\/uploads\/sites\/6\/2018\/07\/FS-Boek-FR.jpg","datePublished":"2017-01-24T17:10:42+00:00","dateModified":"2018-07-09T19:53:49+00:00","breadcrumb":{"@id":"https:\/\/economy.wenkenbach.com\/french\/#breadcrumb"},"inLanguage":"fr-FR","potentialAction":[{"@type":"ReadAction","target":["https:\/\/economy.wenkenbach.com\/french\/"]}]},{"@type":"ImageObject","inLanguage":"fr-FR","@id":"https:\/\/economy.wenkenbach.com\/french\/#primaryimage","url":"https:\/\/economy.wenkenbach.com\/french\/wp-content\/uploads\/sites\/6\/2018\/07\/FS-Boek-FR.jpg","contentUrl":"https:\/\/economy.wenkenbach.com\/french\/wp-content\/uploads\/sites\/6\/2018\/07\/FS-Boek-FR.jpg","width":1200,"height":514,"caption":"Economie, Politique et la Crise de l\u2019EUro"},{"@type":"BreadcrumbList","@id":"https:\/\/economy.wenkenbach.com\/french\/#breadcrumb","itemListElement":[{"@type":"ListItem","position":1,"name":"Home","item":"https:\/\/economy.wenkenbach.com\/french\/"},{"@type":"ListItem","position":2,"name":"\u00c9conomie, Politique et la Crise de l\u2019EUro"}]},{"@type":"WebSite","@id":"https:\/\/economy.wenkenbach.com\/french\/#website","url":"https:\/\/economy.wenkenbach.com\/french\/","name":"Economie, Politique et la Crise de l\u2019EUro","description":"Comprendre comment prosp\u00e9rit\u00e9 se d\u00e9veloppe et dispara\u00eet","potentialAction":[{"@type":"SearchAction","target":{"@type":"EntryPoint","urlTemplate":"https:\/\/economy.wenkenbach.com\/french\/?s={search_term_string}"},"query-input":{"@type":"PropertyValueSpecification","valueRequired":true,"valueName":"search_term_string"}}],"inLanguage":"fr-FR"}]}},"_links":{"self":[{"href":"https:\/\/economy.wenkenbach.com\/french\/wp-json\/wp\/v2\/pages\/2","targetHints":{"allow":["GET"]}}],"collection":[{"href":"https:\/\/economy.wenkenbach.com\/french\/wp-json\/wp\/v2\/pages"}],"about":[{"href":"https:\/\/economy.wenkenbach.com\/french\/wp-json\/wp\/v2\/types\/page"}],"author":[{"embeddable":true,"href":"https:\/\/economy.wenkenbach.com\/french\/wp-json\/wp\/v2\/users\/2"}],"replies":[{"embeddable":true,"href":"https:\/\/economy.wenkenbach.com\/french\/wp-json\/wp\/v2\/comments?post=2"}],"version-history":[{"count":10,"href":"https:\/\/economy.wenkenbach.com\/french\/wp-json\/wp\/v2\/pages\/2\/revisions"}],"predecessor-version":[{"id":43,"href":"https:\/\/economy.wenkenbach.com\/french\/wp-json\/wp\/v2\/pages\/2\/revisions\/43"}],"wp:featuredmedia":[{"embeddable":true,"href":"https:\/\/economy.wenkenbach.com\/french\/wp-json\/wp\/v2\/media\/38"}],"wp:attachment":[{"href":"https:\/\/economy.wenkenbach.com\/french\/wp-json\/wp\/v2\/media?parent=2"}],"curies":[{"name":"wp","href":"https:\/\/api.w.org\/{rel}","templated":true}]}}